{"id":64,"date":"2018-03-24T16:40:54","date_gmt":"2018-03-24T15:40:54","guid":{"rendered":"http:\/\/www.polysourcing.com\/?page_id=64"},"modified":"2018-03-24T16:40:54","modified_gmt":"2018-03-24T15:40:54","slug":"expertise","status":"publish","type":"page","link":"http:\/\/www.polysourcing.com\/index.php\/expertise\/","title":{"rendered":"Expertise"},"content":{"rendered":"<h1>Expertise<\/h1>\n<p>Parmi les collaborateurs dePOLYSOURCING :<\/p>\n<ul>\n<li style=\"list-style-type: none;\">\n<ul>\n<li>Un <span class=\"style3\">expert asserment\u00e9<\/span> pr\u00e8s des tribunaux.<\/li>\n<li>Un correspondant de <span class=\"style3\">CNEJITA<\/span> (Compagnie Nationale des Experts de Justice en Informatique et Techniques Associ\u00e9es) &#8211; France.<\/li>\n<li>Un membre silver d&#8217;<span class=\"style3\">ISACA<\/span> (Information Systems Audit and Control Association) &#8211; USA<\/li>\n<\/ul>\n<\/li>\n<\/ul>\n<p>Les activit\u00e9s offertes dans le cadre de l&#8217;expertise sont:<\/p>\n<h2>Mission :<\/h2>\n<p>Priv\u00e9e ou Judiciaire, Aide \u00e0 la M\u00e9diation Informatique, dans les domaines de:<\/p>\n<ul>\n<li>R\u00e9seaux,<\/li>\n<li>Messagerie \u00c9lectronique,<\/li>\n<li>PC,<\/li>\n<li>R\u00e9seaux Sociaux,<\/li>\n<li>Ordinateurs Centraux,<\/li>\n<li>Syst\u00e8mes d&#8217;entreprise (ERP, CRM, SCM&#8230;)<\/li>\n<li><\/li>\n<\/ul>\n<h2>Investigations :<\/h2>\n<p>Recherche de preuves, techniques, forensiques &#8211; Cybercriminalit\u00e9 (analyses de traces num\u00e9riques, historiques internet, messageries, \u00e9l\u00e9ments effac\u00e9s), R\u00e9cup\u00e9ration de donn\u00e9es effac\u00e9es, Droits d&#8217;auteur.<\/p>\n<h2>R\u00e9cup\u00e9ration :<\/h2>\n<p>Recherche et r\u00e9cup\u00e9ration des donn\u00e9es perdues soit volontairement ou non. Recherche des causes.<\/p>\n<h2>S\u00e9curit\u00e9:<\/h2>\n<p>Intrusion &#8211; Compromission &#8211; Attaque internet &#8211; virus &#8211; Droits d&#8217;auteur &#8211; Effacement de disques.<\/p>\n<h2>Litige :<\/h2>\n<p>Analyse des dysfonctionnements suite \u00e0 un litige (mat\u00e9riel, logiciel, r\u00e9seau, proc\u00e9dures) entre deux parties et r\u00e9daction de rapports normalis\u00e9s.<\/p>\n<h2>Diagnostics:<\/h2>\n<p>Evaluation de performances, Analyse de causes de dysfonctionnements.<\/p>\n<p align=\"center\"><em>Pour toute mission sp\u00e9cifique, n\u2019h\u00e9sitez pas \u00e0 nous contacter,<br \/>\n<\/em><span class=\"style3\"><em>PolySourcing<\/em><\/span><em> est \u00e0 votre \u00e9coute.<\/em><\/p>\n","protected":false},"excerpt":{"rendered":"<p>Expertise Parmi les collaborateurs dePOLYSOURCING : Un expert asserment\u00e9 pr\u00e8s des tribunaux. Un correspondant de CNEJITA (Compagnie Nationale des Experts de Justice en Informatique et Techniques Associ\u00e9es) &#8211; France. Un membre silver d&#8217;ISACA (Information Systems Audit and Control Association) &#8211; USA Les activit\u00e9s offertes dans le cadre de l&#8217;expertise sont: Mission : Priv\u00e9e ou Judiciaire, [&hellip;]<\/p>\n","protected":false},"author":2,"featured_media":0,"parent":0,"menu_order":0,"comment_status":"closed","ping_status":"closed","template":"","meta":{"footnotes":""},"class_list":["post-64","page","type-page","status-publish","hentry"],"_links":{"self":[{"href":"http:\/\/www.polysourcing.com\/index.php\/wp-json\/wp\/v2\/pages\/64","targetHints":{"allow":["GET"]}}],"collection":[{"href":"http:\/\/www.polysourcing.com\/index.php\/wp-json\/wp\/v2\/pages"}],"about":[{"href":"http:\/\/www.polysourcing.com\/index.php\/wp-json\/wp\/v2\/types\/page"}],"author":[{"embeddable":true,"href":"http:\/\/www.polysourcing.com\/index.php\/wp-json\/wp\/v2\/users\/2"}],"replies":[{"embeddable":true,"href":"http:\/\/www.polysourcing.com\/index.php\/wp-json\/wp\/v2\/comments?post=64"}],"version-history":[{"count":2,"href":"http:\/\/www.polysourcing.com\/index.php\/wp-json\/wp\/v2\/pages\/64\/revisions"}],"predecessor-version":[{"id":70,"href":"http:\/\/www.polysourcing.com\/index.php\/wp-json\/wp\/v2\/pages\/64\/revisions\/70"}],"wp:attachment":[{"href":"http:\/\/www.polysourcing.com\/index.php\/wp-json\/wp\/v2\/media?parent=64"}],"curies":[{"name":"wp","href":"https:\/\/api.w.org\/{rel}","templated":true}]}}