{"id":61,"date":"2018-03-24T16:35:31","date_gmt":"2018-03-24T15:35:31","guid":{"rendered":"http:\/\/www.polysourcing.com\/?page_id=61"},"modified":"2018-09-07T10:25:15","modified_gmt":"2018-09-07T08:25:15","slug":"audit","status":"publish","type":"page","link":"http:\/\/www.polysourcing.com\/index.php\/audit\/","title":{"rendered":"Audit"},"content":{"rendered":"<h1>Audit des Syst\u00e8mes d&#8217;Information<\/h1>\n<p>POLYSOURCING effectue des missions d\u2019audit dans le cadre du r\u00e9f\u00e9rentiel COBIT d\u2019ISACA (Information Systems Audit and Control Association); liant ainsi les risques m\u00e9tiers, les besoins de contr\u00f4le et les questions techniques.<\/p>\n<p>Les m\u00e9thodes utilis\u00e9es par POLYSOURCING rentrent dans le cadre des recommandations de la loi Sarbane-Oxley et de l\u2019IT Governance Insitute.<\/p>\n<p>Les proc\u00e9dures, checklists et manuels d\u2019audits utilis\u00e9s abordent les domaines suivant :<\/p>\n<ul>\n<li>Domaine de gouvernance SI,<\/li>\n<li>Domaine de management SI,<\/li>\n<li>Domaine d&#8217;exploitation et s\u00e9curit\u00e9 SI<\/li>\n<li>Domaine Surveillance.<\/li>\n<\/ul>\n<p>POLYSOURCING dispose des outils suivants :<\/p>\n<ul>\n<li>Un\u00a0 guide d\u2019audit<\/li>\n<li>Un guide de management<\/li>\n<li>Un mod\u00e8le de maturit\u00e9.<\/li>\n<li>Des logiciels de forensique.<\/li>\n<li><\/li>\n<\/ul>\n<p>Avec <span class=\"style3\">POLYSOURCING<\/span>, les clients viseront, ainsi, les objectifs de contr\u00f4le suivants :<\/p>\n<ul>\n<li>Garantir une meilleure approche des besoins<\/li>\n<li>Identifier les solutions<\/li>\n<li>\u00c9valuer les contr\u00f4les du processus.<\/li>\n<li>V\u00e9rifier la conformit\u00e9 du processus.<\/li>\n<li>Justifier le risque de ne pas atteindre les objectifs de contr\u00f4le.<\/li>\n<\/ul>\n<h2>A votre \u00e9coute :<\/h2>\n<p align=\"center\">Afin d\u2019assurer une meilleure visibilit\u00e9<br \/>\net une meilleure ad\u00e9quation de votre strat\u00e9gie avec votre outil informatique,<br \/>\nn\u2019h\u00e9sitez pas \u00e0 nous contacter,<br \/>\nnous vous apporterons l\u2019audit n\u00e9cessaire<\/p>\n","protected":false},"excerpt":{"rendered":"<p>Audit des Syst\u00e8mes d&#8217;Information POLYSOURCING effectue des missions d\u2019audit dans le cadre du r\u00e9f\u00e9rentiel COBIT d\u2019ISACA (Information Systems Audit and Control Association); liant ainsi les risques m\u00e9tiers, les besoins de contr\u00f4le et les questions techniques. Les m\u00e9thodes utilis\u00e9es par POLYSOURCING rentrent dans le cadre des recommandations de la loi Sarbane-Oxley et de l\u2019IT Governance Insitute. [&hellip;]<\/p>\n","protected":false},"author":2,"featured_media":0,"parent":0,"menu_order":0,"comment_status":"closed","ping_status":"closed","template":"","meta":{"footnotes":""},"class_list":["post-61","page","type-page","status-publish","hentry"],"_links":{"self":[{"href":"http:\/\/www.polysourcing.com\/index.php\/wp-json\/wp\/v2\/pages\/61","targetHints":{"allow":["GET"]}}],"collection":[{"href":"http:\/\/www.polysourcing.com\/index.php\/wp-json\/wp\/v2\/pages"}],"about":[{"href":"http:\/\/www.polysourcing.com\/index.php\/wp-json\/wp\/v2\/types\/page"}],"author":[{"embeddable":true,"href":"http:\/\/www.polysourcing.com\/index.php\/wp-json\/wp\/v2\/users\/2"}],"replies":[{"embeddable":true,"href":"http:\/\/www.polysourcing.com\/index.php\/wp-json\/wp\/v2\/comments?post=61"}],"version-history":[{"count":1,"href":"http:\/\/www.polysourcing.com\/index.php\/wp-json\/wp\/v2\/pages\/61\/revisions"}],"predecessor-version":[{"id":63,"href":"http:\/\/www.polysourcing.com\/index.php\/wp-json\/wp\/v2\/pages\/61\/revisions\/63"}],"wp:attachment":[{"href":"http:\/\/www.polysourcing.com\/index.php\/wp-json\/wp\/v2\/media?parent=61"}],"curies":[{"name":"wp","href":"https:\/\/api.w.org\/{rel}","templated":true}]}}