{"id":46,"date":"2018-03-24T15:32:53","date_gmt":"2018-03-24T14:32:53","guid":{"rendered":"http:\/\/www.polysourcing.com\/?page_id=46"},"modified":"2024-04-04T18:52:40","modified_gmt":"2024-04-04T16:52:40","slug":"accueil","status":"publish","type":"page","link":"http:\/\/www.polysourcing.com\/","title":{"rendered":"Accueil"},"content":{"rendered":"<div id=\"Content\">\n<h1>Accueil<\/h1>\n<p>Au sein d\u2019une entreprise, la strat\u00e9gie, les processus m\u00e9tiers, le syst\u00e8me d&#8217;information (Donn\u00e9es et Applications) et la technologie sont amen\u00e9s \u00e0 \u00eatre prise en consid\u00e9ration en tenant en compte de l&#8217;<strong>agilit\u00e9<\/strong>, de la <strong>synergie<\/strong> et de la <strong>complexit\u00e9<\/strong>.<\/p>\n<p><span class=\"style3\">POLYSOURCING <\/span>s&#8217;adresse aux organisations (entreprises, d\u00e9partements d&#8217;\u00e9tat et association), qui d\u00e9sirent \u00eatre accompagn\u00e9es pour la mise en place d&#8217;une <strong>architecture d&#8217;entreprise <\/strong>adapt\u00e9e \u00e0 leurs besoins et \u00e0 leurs gouvernances.<strong><br \/>\n<\/strong><\/p>\n<p><span class=\"style3\">POLYSOURCING offre des services selon les troins domaines suivants:<\/span><\/p>\n<ul>\n<li>Formation<\/li>\n<li>\n<div id=\"Content\">\n<ul>\n<li>Audit<\/li>\n<li>Expertise<\/li>\n<\/ul>\n<\/div>\n<\/li>\n<\/ul>\n<\/div>\n<p><!--more--><\/p>\n","protected":false},"excerpt":{"rendered":"<p>Accueil Au sein d\u2019une entreprise, la strat\u00e9gie, les processus m\u00e9tiers, le syst\u00e8me d&#8217;information (Donn\u00e9es et Applications) et la technologie sont amen\u00e9s \u00e0 \u00eatre prise en consid\u00e9ration en tenant en compte de l&#8217;agilit\u00e9, de la synergie et de la complexit\u00e9. POLYSOURCING s&#8217;adresse aux organisations (entreprises, d\u00e9partements d&#8217;\u00e9tat et association), qui d\u00e9sirent \u00eatre accompagn\u00e9es pour la mise [&hellip;]<\/p>\n","protected":false},"author":2,"featured_media":0,"parent":0,"menu_order":0,"comment_status":"closed","ping_status":"closed","template":"","meta":{"footnotes":""},"class_list":["post-46","page","type-page","status-publish","hentry"],"_links":{"self":[{"href":"http:\/\/www.polysourcing.com\/index.php\/wp-json\/wp\/v2\/pages\/46","targetHints":{"allow":["GET"]}}],"collection":[{"href":"http:\/\/www.polysourcing.com\/index.php\/wp-json\/wp\/v2\/pages"}],"about":[{"href":"http:\/\/www.polysourcing.com\/index.php\/wp-json\/wp\/v2\/types\/page"}],"author":[{"embeddable":true,"href":"http:\/\/www.polysourcing.com\/index.php\/wp-json\/wp\/v2\/users\/2"}],"replies":[{"embeddable":true,"href":"http:\/\/www.polysourcing.com\/index.php\/wp-json\/wp\/v2\/comments?post=46"}],"version-history":[{"count":3,"href":"http:\/\/www.polysourcing.com\/index.php\/wp-json\/wp\/v2\/pages\/46\/revisions"}],"predecessor-version":[{"id":179,"href":"http:\/\/www.polysourcing.com\/index.php\/wp-json\/wp\/v2\/pages\/46\/revisions\/179"}],"wp:attachment":[{"href":"http:\/\/www.polysourcing.com\/index.php\/wp-json\/wp\/v2\/media?parent=46"}],"curies":[{"name":"wp","href":"https:\/\/api.w.org\/{rel}","templated":true}]}}