{"id":2,"date":"2018-03-18T19:20:21","date_gmt":"2018-03-18T18:20:21","guid":{"rendered":"http:\/\/www.polysourcing.com\/?page_id=2"},"modified":"2019-02-11T12:15:42","modified_gmt":"2019-02-11T11:15:42","slug":"page-d-exemple","status":"publish","type":"page","link":"http:\/\/www.polysourcing.com\/index.php\/page-d-exemple\/","title":{"rendered":"Best Practices"},"content":{"rendered":"<p>La technologie de l&#8217;information est appel\u00e9e \u00e0 faire appel aux normes et aux meilleures pratiques pour assurer d&#8217;une part son am\u00e9lioration continue et d&#8217;autre part l&#8217;agilit\u00e9.<\/p>\n<p>POLYSOURCING propose ses services de formation, d&#8217;audit et d&#8217;expertise judiciare bas\u00e9s sur les r\u00e9f\u00e9rentiels suivant ( ISO38500, COBIT 5, TOGAF, ITIL, SCRUM&#8230;)<\/p>\n<p>et fait appel aux syst\u00e8mes d&#8217;entreprise leaders (Dynamics AX, SAP&#8230;)<\/p>\n","protected":false},"excerpt":{"rendered":"<p>La technologie de l&#8217;information est appel\u00e9e \u00e0 faire appel aux normes et aux meilleures pratiques pour assurer d&#8217;une part son am\u00e9lioration continue et d&#8217;autre part l&#8217;agilit\u00e9. POLYSOURCING propose ses services de formation, d&#8217;audit et d&#8217;expertise judiciare bas\u00e9s sur les r\u00e9f\u00e9rentiels suivant ( ISO38500, COBIT 5, TOGAF, ITIL, SCRUM&#8230;) et fait appel aux syst\u00e8mes d&#8217;entreprise leaders [&hellip;]<\/p>\n","protected":false},"author":2,"featured_media":0,"parent":0,"menu_order":0,"comment_status":"closed","ping_status":"open","template":"","meta":{"footnotes":""},"class_list":["post-2","page","type-page","status-publish","hentry"],"_links":{"self":[{"href":"http:\/\/www.polysourcing.com\/index.php\/wp-json\/wp\/v2\/pages\/2","targetHints":{"allow":["GET"]}}],"collection":[{"href":"http:\/\/www.polysourcing.com\/index.php\/wp-json\/wp\/v2\/pages"}],"about":[{"href":"http:\/\/www.polysourcing.com\/index.php\/wp-json\/wp\/v2\/types\/page"}],"author":[{"embeddable":true,"href":"http:\/\/www.polysourcing.com\/index.php\/wp-json\/wp\/v2\/users\/2"}],"replies":[{"embeddable":true,"href":"http:\/\/www.polysourcing.com\/index.php\/wp-json\/wp\/v2\/comments?post=2"}],"version-history":[{"count":5,"href":"http:\/\/www.polysourcing.com\/index.php\/wp-json\/wp\/v2\/pages\/2\/revisions"}],"predecessor-version":[{"id":170,"href":"http:\/\/www.polysourcing.com\/index.php\/wp-json\/wp\/v2\/pages\/2\/revisions\/170"}],"wp:attachment":[{"href":"http:\/\/www.polysourcing.com\/index.php\/wp-json\/wp\/v2\/media?parent=2"}],"curies":[{"name":"wp","href":"https:\/\/api.w.org\/{rel}","templated":true}]}}