{"id":123,"date":"2018-08-29T14:50:06","date_gmt":"2018-08-29T12:50:06","guid":{"rendered":"http:\/\/www.polysourcing.com\/?page_id=123"},"modified":"2024-04-04T18:34:02","modified_gmt":"2024-04-04T16:34:02","slug":"aplications","status":"publish","type":"page","link":"http:\/\/www.polysourcing.com\/index.php\/aplications\/","title":{"rendered":"Applications"},"content":{"rendered":"<div id=\"Content\">\n<h1>D\u00e9veloppement d&#8217;applications<\/h1>\n<p>Consultants informatiques, et d\u00e9veloppeurs, nous apportons des solutions bas\u00e9es sur des business models rentables avec valeurs ajout\u00e9es, utilisant des outils de d\u00e9veloppement de derni\u00e8re g\u00e9n\u00e9ration et surtout \u00e9volutif afin d&#8217;assurer la p\u00e9rennit\u00e9 aux syst\u00e8mes d&#8217;information d\u00e9velopp\u00e9s. Nous disposons en plus de best practices dans une multitude de secteurs d&#8217;activit\u00e9 qu&#8217;on vous en fera b\u00e9n\u00e9ficier. <span class=\"style3\">PolySourcing<\/span> dispose de comp\u00e9tences diversifi\u00e9es dans plusieurs domaines:<\/p>\n<ul>\n<li style=\"list-style-type: none;\">\n<ul>\n<li><strong>Syst\u00e8mes<\/strong> : IBM \u2013Main frame-AS400, Unix, Windows<\/li>\n<li><strong>Bases de Donn\u00e9es <\/strong>: Informix, MySQL, DB2, Oracle, Access,<\/li>\n<li><strong>Outils <\/strong>: .Net, J2EE, Php, VB, Freamweaver, Delphi, Java<\/li>\n<li><strong>BI<\/strong>: SPSS, Brio<\/li>\n<\/ul>\n<\/li>\n<\/ul>\n<p><strong>Principales r\u00e9alisations de notre \u00e9quipe:<\/strong><\/p>\n<ul>\n<li><u>Domaine PME\/PMI (Etude et r\u00e9alisation): <\/u>\n<ul>\n<li>Syst\u00e8me d&#8217;information comptable\/ Windows,<\/li>\n<li>Syst\u00e8me d&#8217;information RH \/ Windows,<\/li>\n<li>Syst\u00e8me d&#8217;information de Gestion de Billetterie \/ Windows,<\/li>\n<li>Syst\u00e8me de Gestion de Production \/ Windows<\/li>\n<\/ul>\n<\/li>\n<li><u>Domaine bancaire (Etude et r\u00e9alisation): <\/u>\n<ul>\n<li>Migration de plusieurs applications informatiques de l\u2019environnement Windows vers l\u2019AS400 (avec r\u00e9alisation d\u2019interpr\u00e9teur automatique)<\/li>\n<li>Application de Change &#8211; FX (pour le front et le back-office des salles de march\u00e9) \/ AS400,<\/li>\n<li>Syst\u00e8me de Gestion des CREDOC (avec int\u00e9gration Swift) \/ Unix,<\/li>\n<li>Syst\u00e8me de Gestion des Cautions et Avals \/ Unix,<\/li>\n<li>Syst\u00e8me de Gestion de la mon\u00e9tique (transactions GAB et TPE) selon la norme ISO 8583 \/ AS400,<\/li>\n<li>Syst\u00e8me de traitement des virements re\u00e7us (int\u00e9gration avec le syst\u00e8me Swift) \/ AS400,<\/li>\n<li>Syst\u00e8me de traitement des virements \u00e9mis (int\u00e9gration avec de Swift) \/ AS400,<\/li>\n<li>Syst\u00e8me d&#8217;information de cr\u00e9dit remboursable \u00e0 \u00e9ch\u00e9ance fixe \/ AS400,<\/li>\n<li>Interpr\u00e9teur comptable et int\u00e9gration avec un ERP bancaire \/ AS400,<\/li>\n<li>Syst\u00e8me de consultation des listes noire de blanchiment d\u2019argent \/ AS400,<\/li>\n<li>Mise en place d\u2019un r\u00e9seau nationale et int\u00e9gration internationale (y compris VoIP)<\/li>\n<\/ul>\n<\/li>\n<li><u>E-Government:<\/u>\n<ul>\n<li>Elaboration d&#8217;un sch\u00e9ma directeur d&#8217;une pr\u00e9fecture<\/li>\n<\/ul>\n<\/li>\n<\/ul>\n<h2 align=\"left\">Best practices<\/h2>\n<blockquote>\n<p align=\"center\"><em>Pour b\u00e9n\u00e9ficier de nos best practices,<br \/>\nN\u2019h\u00e9sitez pas \u00e0 nous contacter<\/em><\/p>\n<\/blockquote>\n<\/div>\n","protected":false},"excerpt":{"rendered":"<p>D\u00e9veloppement d&#8217;applications Consultants informatiques, et d\u00e9veloppeurs, nous apportons des solutions bas\u00e9es sur des business models rentables avec valeurs ajout\u00e9es, utilisant des outils de d\u00e9veloppement de derni\u00e8re g\u00e9n\u00e9ration et surtout \u00e9volutif afin d&#8217;assurer la p\u00e9rennit\u00e9 aux syst\u00e8mes d&#8217;information d\u00e9velopp\u00e9s. Nous disposons en plus de best practices dans une multitude de secteurs d&#8217;activit\u00e9 qu&#8217;on vous en fera [&hellip;]<\/p>\n","protected":false},"author":2,"featured_media":0,"parent":0,"menu_order":0,"comment_status":"closed","ping_status":"closed","template":"","meta":{"footnotes":""},"class_list":["post-123","page","type-page","status-publish","hentry"],"_links":{"self":[{"href":"http:\/\/www.polysourcing.com\/index.php\/wp-json\/wp\/v2\/pages\/123","targetHints":{"allow":["GET"]}}],"collection":[{"href":"http:\/\/www.polysourcing.com\/index.php\/wp-json\/wp\/v2\/pages"}],"about":[{"href":"http:\/\/www.polysourcing.com\/index.php\/wp-json\/wp\/v2\/types\/page"}],"author":[{"embeddable":true,"href":"http:\/\/www.polysourcing.com\/index.php\/wp-json\/wp\/v2\/users\/2"}],"replies":[{"embeddable":true,"href":"http:\/\/www.polysourcing.com\/index.php\/wp-json\/wp\/v2\/comments?post=123"}],"version-history":[{"count":5,"href":"http:\/\/www.polysourcing.com\/index.php\/wp-json\/wp\/v2\/pages\/123\/revisions"}],"predecessor-version":[{"id":181,"href":"http:\/\/www.polysourcing.com\/index.php\/wp-json\/wp\/v2\/pages\/123\/revisions\/181"}],"wp:attachment":[{"href":"http:\/\/www.polysourcing.com\/index.php\/wp-json\/wp\/v2\/media?parent=123"}],"curies":[{"name":"wp","href":"https:\/\/api.w.org\/{rel}","templated":true}]}}